{"id":680,"date":"2023-09-25T08:48:22","date_gmt":"2023-09-25T08:48:22","guid":{"rendered":"https:\/\/indanceautism.eu\/pagina-de-proba\/"},"modified":"2024-03-08T08:54:03","modified_gmt":"2024-03-08T08:54:03","slug":"pagina-de-proba","status":"publish","type":"page","link":"https:\/\/indanceautism.eu\/ro\/pagina-de-proba\/","title":{"rendered":"Pagina de prob\u0103"},"content":{"rendered":"\n<p>Aceasta este o pagin\u0103 de exemplu. Este diferit\u0103 de o postare pe blog, deoarece va r\u0103m\u00e2ne \u00eentr-un singur loc \u0219i va ap\u0103rea \u00een navigarea site-ului (\u00een majoritatea temelor). Cei mai mul\u021bi oameni \u00eencep cu o pagin\u0103 &#8222;Despre&#8221; care \u00eei prezint\u0103 poten\u021bialilor vizitatori ai site-ului. Ar putea spune ceva de genul urm\u0103tor:<\/p>\n\n<blockquote class=\"wp-block-quote\"><p>Bun\u0103 ziua! Sunt curier pe biciclet\u0103 ziua, actor aspirant noaptea, iar acesta este site-ul meu. Locuiesc \u00een Los Angeles, am un c\u00e2ine grozav pe nume Jack \u0219i \u00eemi place pi\u00f1a colada. (\u0218i s\u0103 fii prins \u00een ploaie.)<\/p><\/blockquote>\n\n<p>&#8230;sau ceva de genul \u0103sta:<\/p>\n\n<blockquote class=\"wp-block-quote\"><p>Compania XYZ Doohickey Company a fost fondat\u0103 \u00een 1971 \u0219i de atunci ofer\u0103 publicului doohickey de calitate. Situat\u0103 \u00een Gotham City, XYZ are peste 2.000 de angaja\u021bi \u0219i face tot felul de lucruri minunate pentru comunitatea din Gotham.<\/p><\/blockquote>\n\n<p>Ca utilizator nou de WordPress, trebuie s\u0103 accesezi <a href=\"https:\/\/indanceautism.eu\/wp-admin\/\">tabloul de bord<\/a> pentru a \u0219terge aceast\u0103 pagin\u0103 \u0219i a crea pagini noi pentru con\u021binutul t\u0103u. Distrac\u021bie pl\u0103cut\u0103!<\/p>\n","protected":false},"excerpt":{"rendered":"<p>Aceasta este o pagin\u0103 de exemplu. Este diferit\u0103 de o postare pe blog, deoarece va r\u0103m\u00e2ne \u00eentr-un singur loc \u0219i va ap\u0103rea \u00een navigarea site-ului (\u00een majoritatea temelor). Cei mai mul\u021bi oameni \u00eencep cu o pagin\u0103 &#8222;Despre&#8221; care \u00eei prezint\u0103 poten\u021bialilor vizitatori ai site-ului. Ar putea spune ceva de genul urm\u0103tor: Bun\u0103 ziua! Sunt curier&hellip;<\/p>\n","protected":false},"author":1,"featured_media":0,"parent":0,"menu_order":0,"comment_status":"closed","ping_status":"open","template":"","meta":{"footnotes":""},"class_list":["post-680","page","type-page","status-publish","hentry","entry","no-media"],"jetpack_sharing_enabled":true,"_links":{"self":[{"href":"https:\/\/indanceautism.eu\/ro\/wp-json\/wp\/v2\/pages\/680","targetHints":{"allow":["GET"]}}],"collection":[{"href":"https:\/\/indanceautism.eu\/ro\/wp-json\/wp\/v2\/pages"}],"about":[{"href":"https:\/\/indanceautism.eu\/ro\/wp-json\/wp\/v2\/types\/page"}],"author":[{"embeddable":true,"href":"https:\/\/indanceautism.eu\/ro\/wp-json\/wp\/v2\/users\/1"}],"replies":[{"embeddable":true,"href":"https:\/\/indanceautism.eu\/ro\/wp-json\/wp\/v2\/comments?post=680"}],"version-history":[{"count":1,"href":"https:\/\/indanceautism.eu\/ro\/wp-json\/wp\/v2\/pages\/680\/revisions"}],"predecessor-version":[{"id":686,"href":"https:\/\/indanceautism.eu\/ro\/wp-json\/wp\/v2\/pages\/680\/revisions\/686"}],"wp:attachment":[{"href":"https:\/\/indanceautism.eu\/ro\/wp-json\/wp\/v2\/media?parent=680"}],"curies":[{"name":"wp","href":"https:\/\/api.w.org\/{rel}","templated":true}]}}