{"id":685,"date":"2023-09-27T07:30:16","date_gmt":"2023-09-27T07:30:16","guid":{"rendered":"https:\/\/indanceautism.eu\/activitati\/"},"modified":"2024-06-11T09:52:51","modified_gmt":"2024-06-11T09:52:51","slug":"activitati","status":"publish","type":"page","link":"https:\/\/indanceautism.eu\/ro\/activitati\/","title":{"rendered":"Activit\u0103\u021bi"},"content":{"rendered":"<div class=\"wpb-content-wrapper\">[vc_row full_width=&#8221;stretch_row&#8221; css=&#8221;.vc_custom_1699451096974{padding-right: 20px !important;padding-left: 20px !important;}&#8221;][vc_column][vc_empty_space][vc_column_text]<span style=\"color: #3255bf; font-size: 28px;\">Activit\u0103\u021bile noastre<\/span><\/p>\n<p><span style=\"color: #000000; font-size: 16px;\">Activit\u0103\u021bile proiectului vizeaz\u0103 \u00eembun\u0103t\u0103\u021birea cuno\u0219tin\u021belor \u0219i a competen\u021belor profesionale.<\/span><br \/>\n<span style=\"color: #000000; font-size: 16px;\">\u00een r\u00e2ndul exper\u021bilor \u00een dans din Grecia. Pentru a realiza acest obiectiv, partenerii de proiect vor planifica \u0219i<\/span><br \/>\n<span style=\"color: #000000; font-size: 16px;\">s\u0103 desf\u0103\u0219oare activit\u0103\u021bi comune de dans \u00een Atena, promov\u00e2nd competen\u021bele fizice, cresc\u00e2nd<\/span><br \/>\n<span style=\"color: #000000; font-size: 16px;\">creativitatea \u0219i pl\u0103cerea persoanelor cu \u0219i f\u0103r\u0103 autism, pe baza unor criterii personale<\/span><br \/>\n<span style=\"color: #000000; font-size: 16px;\">comunicare a tuturor participan\u021bilor.<\/span>[\/vc_column_text][\/vc_column][\/vc_row][vc_row full_width=&#8221;stretch_row&#8221; equal_height=&#8221;yes&#8221; min_height=&#8221;500&#8243; css=&#8221;.vc_custom_1709722938100{padding-right: 20px !important;padding-left: 20px !important;background-position: 0 0 !important;background-repeat: no-repeat !important;}&#8221; visibility=&#8221;visible-desktop&#8221;][vc_column width=&#8221;2\/3&#8243; css=&#8221;.vc_custom_1699451060384{margin-right: 10px !important;background-color: #3255bf !important;}&#8221;][vc_empty_space height=&#8221;100px&#8221;][vc_column_text color=&#8221;#ffffff&#8221;]\n<p style=\"padding-left: 80px;\"><span style=\"font-size: 28px;\">Campanie de con\u0219tientizare a autismului<\/span><\/p>\n<p style=\"padding-left: 80px;\"><span style=\"font-size: 16px;\">\u00cencurajarea accept\u0103rii \u0219i incluziunii: Autismul nostru<\/span><br \/>\n<span style=\"font-size: 16px;\">Campania de con\u0219tientizare sensibilizeaz\u0103 publicul cu privire la autism \u00een<\/span><br \/>\n<span style=\"font-size: 16px;\">Atena_Grecia, cu scopul de a sparge stereotipurile despre autism<\/span><br \/>\n<span style=\"font-size: 16px;\">\u0219i pentru a construi leg\u0103turi sociale. \u00cen plus, prin intermediul evenimentului nostru de o zi,<\/span><br \/>\n<span style=\"font-size: 16px;\">intitulat &#8222;Be part of the Dance&#8221;, vom \u00eemp\u0103rt\u0103\u0219i proiectul &#8222;Be part of the Dance&#8221;.<\/span><br \/>\n<span style=\"font-size: 16px;\">mesajul cu un public mai larg.<\/span><\/p>\n[\/vc_column_text][vc_empty_space height=&#8221;100px&#8221;][\/vc_column][vc_column width=&#8221;1\/3&#8243; css=&#8221;.vc_custom_1699451065143{margin-left: 10px !important;background-image: url(https:\/\/indanceautism.eu\/wp-content\/uploads\/2023\/11\/eae32f_0f9fac95b9ec40a6b1fe11f9f02dfe16mv2.webp?id=286) !important;background-position: center !important;background-repeat: no-repeat !important;background-size: cover !important;}&#8221;][\/vc_column][\/vc_row][vc_row full_width=&#8221;stretch_row_content_no_spaces&#8221; equal_height=&#8221;yes&#8221; min_height=&#8221;500&#8243; css=&#8221;.vc_custom_1709723307805{padding-right: 20px !important;padding-left: 20px !important;background-position: 0 0 !important;background-repeat: no-repeat !important;}&#8221; visibility=&#8221;hidden-desktop&#8221;][vc_column width=&#8221;1\/2&#8243; css=&#8221;.vc_custom_1709723395185{padding-right: 20px !important;padding-left: 20px !important;background-color: #3255bf !important;}&#8221;][vc_empty_space height=&#8221;100px&#8221;][vc_column_text color=&#8221;#ffffff&#8221;]<span style=\"font-size: 28px;\">Campanie de con\u0219tientizare a autismului<\/span><\/p>\n<p><span style=\"font-size: 16px;\">\u00cencurajarea accept\u0103rii \u0219i incluziunii: Autismul nostru <\/span><span style=\"font-size: 16px;\">Campania de sensibilizare a publicului cu privire la autism \u00een <\/span><span style=\"font-size: 16px;\">Atena_Grecia, cu scopul de a sparge stereotipurile legate de autism. <\/span> <span style=\"font-size: 16px;\">\u0219i pentru a construi leg\u0103turi sociale. \u00cen plus, prin intermediul evenimentului nostru de o zi,  <\/span><span style=\"font-size: 16px;\">intitulat &#8222;Be part of the Dance&#8221;, vom \u00eemp\u0103rt\u0103\u0219i proiectul &#8222;Be part of the Dance&#8221;. <\/span><span style=\"font-size: 16px;\">cu un public mai larg.<\/span>[\/vc_column_text][vc_empty_space height=&#8221;100px&#8221;][\/vc_column][vc_column width=&#8221;1\/2&#8243;][vc_single_image image=&#8221;286&#8243; alignment=&#8221;center&#8221;][\/vc_column][\/vc_row][vc_row full_width=&#8221;stretch_row_content_no_spaces&#8221; equal_height=&#8221;yes&#8221; min_height=&#8221;282&#8243; css=&#8221;.vc_custom_1709722359919{padding-right: 200px !important;padding-left: 200px !important;background-position: 0 0 !important;background-repeat: no-repeat !important;}&#8221; visibility=&#8221;visible-desktop&#8221;][vc_column width=&#8221;1\/5&#8243; css=&#8221;.vc_custom_1699451912598{background-image: url(https:\/\/indanceautism.eu\/wp-content\/uploads\/2023\/11\/woman-jumping.webp?id=287) !important;background-position: center !important;background-repeat: no-repeat !important;background-size: cover !important;}&#8221;][\/vc_column][vc_column width=&#8221;1\/5&#8243; css=&#8221;.vc_custom_1699452349043{padding-left: 20px !important;background-color: #ecebeb !important;background-position: center !important;background-repeat: no-repeat !important;background-size: cover !important;}&#8221;][vc_single_image image=&#8221;212&#8243; img_size=&#8221;150&#215;150&#8243; alignment=&#8221;left&#8221; onclick=&#8221;custom_link&#8221; img_link_target=&#8221;_blank&#8221; link=&#8221;https:\/\/indance.digitaleducation.space\/&#8221;][vc_column_text]\n<p style=\"text-align: left;\"><span style=\"color: #000000; font-size: 21px;\">Dance4health<\/span><br \/>\n<span style=\"color: #000000;\">cursuri e-learning<\/span><\/p>\n[\/vc_column_text]<style>.vcex-icon.vcex_69e51d333f17a .vcex-icon-wrap{color:#3255bf;}<\/style><div class=\"vcex-icon vcex-module vcex-icon-normal wpex-text-left vcex_69e51d333f17a\"><a href=\"https:\/\/indance.digitaleducation.space\/\" class=\"vcex-icon-link wpex-no-underline wpex-text-current wpex-hover-text-current\" target=\"_blank\" rel=\"noopener noreferrer\"><div class=\"vcex-icon-wrap wpex-inline-flex wpex-items-center wpex-justify-center wpex-leading-none hvr hvr-grow\"><span class=\"wpex-icon wpex-icon--bidi\" aria-hidden=\"true\"><svg xmlns=\"http:\/\/www.w3.org\/2000\/svg\" viewBox=\"0 0 320 512\"><path d=\"M278.6 233.4c12.5 12.5 12.5 32.8 0 45.3l-160 160c-12.5 12.5-32.8 12.5-45.3 0s-12.5-32.8 0-45.3L210.7 256 73.4 118.6c-12.5-12.5-12.5-32.8 0-45.3s32.8-12.5 45.3 0l160 160z\"\/><\/svg><\/span><\/div><\/a><\/div>[vc_empty_space][\/vc_column][vc_column width=&#8221;1\/5&#8243;][\/vc_column][vc_column width=&#8221;1\/5&#8243; css=&#8221;.vc_custom_1699451896771{background-image: url(https:\/\/indanceautism.eu\/wp-content\/uploads\/2023\/11\/duet.webp?id=288) !important;background-position: center !important;background-repeat: no-repeat !important;background-size: cover !important;}&#8221;][\/vc_column][vc_column width=&#8221;1\/5&#8243; css=&#8221;.vc_custom_1699452569454{padding-left: 20px !important;background-color: #ecebeb !important;}&#8221;][vc_single_image image=&#8221;210&#8243; img_size=&#8221;150&#215;150&#8243;][vc_column_text]<span style=\"color: #000000; font-size: 21px;\">JointDanceDuets<\/span><br \/>\n<span style=\"color: #000000;\">dans\u00e2nd \u00eempreun\u0103<\/span>[\/vc_column_text]<style>.vcex-icon.vcex_69e51d334147f .vcex-icon-wrap{color:#3255bf;}<\/style><div class=\"vcex-icon vcex-module vcex-icon-normal wpex-text-left vcex_69e51d334147f\"><div class=\"vcex-icon-wrap wpex-inline-flex wpex-items-center wpex-justify-center wpex-leading-none hvr hvr-grow\"><span class=\"wpex-icon wpex-icon--bidi\" aria-hidden=\"true\"><svg xmlns=\"http:\/\/www.w3.org\/2000\/svg\" viewBox=\"0 0 320 512\"><path d=\"M278.6 233.4c12.5 12.5 12.5 32.8 0 45.3l-160 160c-12.5 12.5-32.8 12.5-45.3 0s-12.5-32.8 0-45.3L210.7 256 73.4 118.6c-12.5-12.5-12.5-32.8 0-45.3s32.8-12.5 45.3 0l160 160z\"\/><\/svg><\/span><\/div><\/div>[vc_empty_space][\/vc_column][\/vc_row][vc_row full_width=&#8221;stretch_row_content_no_spaces&#8221; equal_height=&#8221;yes&#8221; min_height=&#8221;282&#8243; css=&#8221;.vc_custom_1709722368348{padding-right: 200px !important;padding-left: 200px !important;background-position: 0 0 !important;background-repeat: no-repeat !important;}&#8221; visibility=&#8221;visible-desktop&#8221;][vc_column width=&#8221;1\/5&#8243; css=&#8221;.vc_custom_1699452537118{background-image: url(https:\/\/indanceautism.eu\/wp-content\/uploads\/2023\/11\/front-view-male-dancer.webp?id=289) !important;background-position: center !important;background-repeat: no-repeat !important;background-size: cover !important;}&#8221;][\/vc_column][vc_column width=&#8221;1\/5&#8243; css=&#8221;.vc_custom_1699452349043{padding-left: 20px !important;background-color: #ecebeb !important;background-position: center !important;background-repeat: no-repeat !important;background-size: cover !important;}&#8221;][vc_single_image image=&#8221;212&#8243; img_size=&#8221;150&#215;150&#8243; alignment=&#8221;left&#8221;][vc_column_text]<span style=\"color: #000000; font-size: 21px;\">DanceStories<\/span><br \/>\n<span style=\"color: #000000;\">realizarea de scurtmetraje<\/span>[\/vc_column_text]<style>.vcex-icon.vcex_69e51d33418b4 .vcex-icon-wrap{color:#3255bf;}<\/style><div class=\"vcex-icon vcex-module vcex-icon-normal wpex-text-left vcex_69e51d33418b4\"><div class=\"vcex-icon-wrap wpex-inline-flex wpex-items-center wpex-justify-center wpex-leading-none hvr hvr-grow\"><span class=\"wpex-icon wpex-icon--bidi\" aria-hidden=\"true\"><svg xmlns=\"http:\/\/www.w3.org\/2000\/svg\" viewBox=\"0 0 320 512\"><path d=\"M278.6 233.4c12.5 12.5 12.5 32.8 0 45.3l-160 160c-12.5 12.5-32.8 12.5-45.3 0s-12.5-32.8 0-45.3L210.7 256 73.4 118.6c-12.5-12.5-12.5-32.8 0-45.3s32.8-12.5 45.3 0l160 160z\"\/><\/svg><\/span><\/div><\/div>[vc_empty_space][\/vc_column][vc_column width=&#8221;1\/5&#8243; css=&#8221;.vc_custom_1699451398779{margin-right: 20px !important;margin-left: 20px !important;}&#8221;][\/vc_column][vc_column width=&#8221;1\/5&#8243; css=&#8221;.vc_custom_1699452548061{background-image: url(https:\/\/indanceautism.eu\/wp-content\/uploads\/2023\/11\/woman-taking-part-zumba-class.webp?id=290) !important;background-position: center !important;background-repeat: no-repeat !important;background-size: cover !important;}&#8221;][\/vc_column][vc_column width=&#8221;1\/5&#8243; css=&#8221;.vc_custom_1699452573397{padding-left: 20px !important;background-color: #ecebeb !important;}&#8221;][vc_single_image image=&#8221;210&#8243; img_size=&#8221;150&#215;150&#8243;][vc_column_text]<span style=\"color: #000000; font-size: 21px;\">ProDance4Autism<\/span><br \/>\n<span style=\"color: #000000;\">formare pentru profesioni\u0219ti<\/span>[\/vc_column_text]<style>.vcex-icon.vcex_69e51d3341c65 .vcex-icon-wrap{color:#3255bf;}<\/style><div class=\"vcex-icon vcex-module vcex-icon-normal wpex-text-left vcex_69e51d3341c65\"><div class=\"vcex-icon-wrap wpex-inline-flex wpex-items-center wpex-justify-center wpex-leading-none hvr hvr-grow\"><span class=\"wpex-icon wpex-icon--bidi\" aria-hidden=\"true\"><svg xmlns=\"http:\/\/www.w3.org\/2000\/svg\" viewBox=\"0 0 320 512\"><path d=\"M278.6 233.4c12.5 12.5 12.5 32.8 0 45.3l-160 160c-12.5 12.5-32.8 12.5-45.3 0s-12.5-32.8 0-45.3L210.7 256 73.4 118.6c-12.5-12.5-12.5-32.8 0-45.3s32.8-12.5 45.3 0l160 160z\"\/><\/svg><\/span><\/div><\/div>[vc_empty_space][\/vc_column][\/vc_row][vc_row full_width=&#8221;stretch_row_content_no_spaces&#8221; equal_height=&#8221;yes&#8221; min_height=&#8221;282&#8243; css=&#8221;.vc_custom_1709723746098{background-position: 0 0 !important;background-repeat: no-repeat !important;}&#8221; visibility=&#8221;hidden-desktop&#8221;][vc_column width=&#8221;1\/5&#8243;][vc_single_image image=&#8221;287&#8243; alignment=&#8221;center&#8221;][\/vc_column][vc_column width=&#8221;1\/5&#8243; css=&#8221;.vc_custom_1709723432493{background-color: #ecebeb !important;background-position: center !important;background-repeat: no-repeat !important;background-size: cover !important;}&#8221;][vc_single_image image=&#8221;212&#8243; img_size=&#8221;150&#215;150&#8243; alignment=&#8221;center&#8221;][vc_column_text]\n<p style=\"text-align: center;\"><span style=\"color: #000000; font-size: 21px;\">Dance4health<\/span><br \/>\n<span style=\"color: #000000;\">cursuri e-learning<\/span><\/p>\n[\/vc_column_text]<style>.vcex-icon.vcex_69e51d334200e .vcex-icon-wrap{color:#3255bf;}<\/style><div class=\"vcex-icon vcex-module vcex-icon-normal wpex-text-center vcex_69e51d334200e\"><div class=\"vcex-icon-wrap wpex-inline-flex wpex-items-center wpex-justify-center wpex-leading-none hvr hvr-grow\"><span class=\"wpex-icon wpex-icon--bidi\" aria-hidden=\"true\"><svg xmlns=\"http:\/\/www.w3.org\/2000\/svg\" viewBox=\"0 0 320 512\"><path d=\"M278.6 233.4c12.5 12.5 12.5 32.8 0 45.3l-160 160c-12.5 12.5-32.8 12.5-45.3 0s-12.5-32.8 0-45.3L210.7 256 73.4 118.6c-12.5-12.5-12.5-32.8 0-45.3s32.8-12.5 45.3 0l160 160z\"\/><\/svg><\/span><\/div><\/div>[vc_empty_space][\/vc_column][vc_column width=&#8221;1\/5&#8243;][\/vc_column][vc_column width=&#8221;1\/5&#8243;][vc_single_image image=&#8221;288&#8243; alignment=&#8221;center&#8221;][\/vc_column][vc_column width=&#8221;1\/5&#8243; css=&#8221;.vc_custom_1709723460758{background-color: #ecebeb !important;}&#8221;][vc_single_image image=&#8221;210&#8243; img_size=&#8221;150&#215;150&#8243; alignment=&#8221;center&#8221;][vc_column_text]\n<p style=\"text-align: center;\"><span style=\"color: #000000; font-size: 21px;\">Dance4health<\/span><br \/>\n<span style=\"color: #000000;\">cursuri e-learning<\/span><\/p>\n[\/vc_column_text]<style>.vcex-icon.vcex_69e51d33423a7 .vcex-icon-wrap{color:#3255bf;}<\/style><div class=\"vcex-icon vcex-module vcex-icon-normal wpex-text-center vcex_69e51d33423a7\"><div class=\"vcex-icon-wrap wpex-inline-flex wpex-items-center wpex-justify-center wpex-leading-none hvr hvr-grow\"><span class=\"wpex-icon wpex-icon--bidi\" aria-hidden=\"true\"><svg xmlns=\"http:\/\/www.w3.org\/2000\/svg\" viewBox=\"0 0 320 512\"><path d=\"M278.6 233.4c12.5 12.5 12.5 32.8 0 45.3l-160 160c-12.5 12.5-32.8 12.5-45.3 0s-12.5-32.8 0-45.3L210.7 256 73.4 118.6c-12.5-12.5-12.5-32.8 0-45.3s32.8-12.5 45.3 0l160 160z\"\/><\/svg><\/span><\/div><\/div>[vc_empty_space][\/vc_column][\/vc_row][vc_row full_width=&#8221;stretch_row_content_no_spaces&#8221; equal_height=&#8221;yes&#8221; min_height=&#8221;282&#8243; css=&#8221;.vc_custom_1709722514391{background-position: 0 0 !important;background-repeat: no-repeat !important;}&#8221; visibility=&#8221;hidden-desktop&#8221;][vc_column width=&#8221;1\/5&#8243;][vc_single_image image=&#8221;289&#8243; alignment=&#8221;center&#8221;][\/vc_column][vc_column width=&#8221;1\/5&#8243; css=&#8221;.vc_custom_1709723469933{background-color: #ecebeb !important;background-position: center !important;background-repeat: no-repeat !important;background-size: cover !important;}&#8221;][vc_single_image image=&#8221;212&#8243; img_size=&#8221;150&#215;150&#8243; alignment=&#8221;center&#8221;][vc_column_text]\n<p style=\"text-align: center;\"><span style=\"color: #000000; font-size: 21px;\">Dance4health<\/span><br \/>\n<span style=\"color: #000000;\">cursuri e-learning<\/span><\/p>\n[\/vc_column_text]<style>.vcex-icon.vcex_69e51d33426f6 .vcex-icon-wrap{color:#3255bf;}<\/style><div class=\"vcex-icon vcex-module vcex-icon-normal wpex-text-center vcex_69e51d33426f6\"><div class=\"vcex-icon-wrap wpex-inline-flex wpex-items-center wpex-justify-center wpex-leading-none hvr hvr-grow\"><span class=\"wpex-icon wpex-icon--bidi\" aria-hidden=\"true\"><svg xmlns=\"http:\/\/www.w3.org\/2000\/svg\" viewBox=\"0 0 320 512\"><path d=\"M278.6 233.4c12.5 12.5 12.5 32.8 0 45.3l-160 160c-12.5 12.5-32.8 12.5-45.3 0s-12.5-32.8 0-45.3L210.7 256 73.4 118.6c-12.5-12.5-12.5-32.8 0-45.3s32.8-12.5 45.3 0l160 160z\"\/><\/svg><\/span><\/div><\/div>[vc_empty_space][\/vc_column][vc_column width=&#8221;1\/5&#8243;][\/vc_column][vc_column width=&#8221;1\/5&#8243;][vc_single_image image=&#8221;290&#8243; alignment=&#8221;center&#8221;][\/vc_column][vc_column width=&#8221;1\/5&#8243; css=&#8221;.vc_custom_1709723485825{background-color: #ecebeb !important;}&#8221;][vc_single_image image=&#8221;212&#8243; img_size=&#8221;150&#215;150&#8243; alignment=&#8221;center&#8221;][vc_column_text]\n<p style=\"text-align: center;\"><span style=\"color: #000000; font-size: 21px;\">Dance4health<\/span><br \/>\n<span style=\"color: #000000;\">cursuri e-learning<\/span><\/p>\n[\/vc_column_text]<style>.vcex-icon.vcex_69e51d3342a39 .vcex-icon-wrap{color:#3255bf;}<\/style><div class=\"vcex-icon vcex-module vcex-icon-normal wpex-text-center vcex_69e51d3342a39\"><div class=\"vcex-icon-wrap wpex-inline-flex wpex-items-center wpex-justify-center wpex-leading-none hvr hvr-grow\"><span class=\"wpex-icon wpex-icon--bidi\" aria-hidden=\"true\"><svg xmlns=\"http:\/\/www.w3.org\/2000\/svg\" viewBox=\"0 0 320 512\"><path d=\"M278.6 233.4c12.5 12.5 12.5 32.8 0 45.3l-160 160c-12.5 12.5-32.8 12.5-45.3 0s-12.5-32.8 0-45.3L210.7 256 73.4 118.6c-12.5-12.5-12.5-32.8 0-45.3s32.8-12.5 45.3 0l160 160z\"\/><\/svg><\/span><\/div><\/div>[vc_empty_space][\/vc_column][\/vc_row][vc_row][vc_column width=&#8221;1\/4&#8243;][\/vc_column][vc_column width=&#8221;1\/4&#8243;]<a href=\"https:\/\/form.jotform.com\/videoeuprojects\/indancepro\" class=\"vcex-button theme-button inline\"><span class=\"vcex-button-inner theme-button-inner wpex-flex wpex-flex-wrap wpex-items-center wpex-justify-center\">\u03a6\u03cc\u03c1\u03bc\u03b1 \u03a3\u03c5\u03bc\u03bc\u03b5\u03c4\u03bf\u03c7\u03ae\u03c2 \u03b3\u03b9\u03b1 \u0395\u03c0\u03b1\u03b3\u03b3\u03b5\u03bb\u03bc\u03b1\u03c4\u03af\u03b5\u03c2<\/span><\/a> [\/vc_column][vc_column width=&#8221;1\/4&#8243;]<a href=\"https:\/\/form.jotform.com\/videoeuprojects\/indance\" class=\"vcex-button theme-button inline\"><span class=\"vcex-button-inner theme-button-inner wpex-flex wpex-flex-wrap wpex-items-center wpex-justify-center\">\u03a6\u03cc\u03c1\u03bc\u03b1 \u03a3\u03c5\u03bc\u03bc\u03b5\u03c4\u03bf\u03c7\u03ae\u03c2 \u03b3\u03b9\u03b1 \u039d\u03b5\u03c5\u03c1\u03bf\u03b4\u03b9\u03b1\u03c6\u03bf\u03c1\u03b5\u03c4\u03b9\u03ba\u03bf\u03cd\u03c2 \u03a3\u03c5\u03bc\u03bc\u03b5\u03c4\u03ad\u03c7\u03bf\u03bd\u03c4\u03b5\u03c2<\/span><\/a> [\/vc_column][vc_column width=&#8221;1\/4&#8243;][\/vc_column][\/vc_row][vc_row full_width=&#8221;stretch_row_content&#8221; equal_height=&#8221;yes&#8221; css=&#8221;.vc_custom_1699006959026{padding-right: 20px !important;padding-bottom: 50px !important;padding-left: 20px !important;}&#8221;][vc_column typography_style=&#8221;white&#8221; width=&#8221;1\/4&#8243; css=&#8221;.vc_custom_1699006618237{background-image: url(https:\/\/indanceautism.eu\/wp-content\/uploads\/2023\/11\/eae32f_49c24d37852b48db823cd88f08c460e8mv2.webp?id=232) !important;background-position: center !important;background-repeat: no-repeat !important;background-size: cover !important;}&#8221;][vc_empty_space height=&#8221;50px&#8221;]<figure class=\"vcex-image vcex-module wpex-text-left\"><div class=\"vcex-image-inner wpex-relative wpex-inline-block\"><img width=\"177\" height=\"91\" src=\"https:\/\/i0.wp.com\/indanceautism.eu\/wp-content\/uploads\/2023\/11\/finals-02.webp?fit=177%2C91&amp;ssl=1\" class=\"vcex-image-img wpex-align-middle\" alt=\"\" loading=\"lazy\" decoding=\"async\" \/><\/div><\/figure>[vc_column_text css=&#8221;&#8221;][\/vc_column_text][vc_empty_space]<style>.vcex-social-links.vcex_69e51d3347daa{font-size:20px;}<\/style><div class=\"vcex-social-links vcex-module wpex-flex wpex-flex-wrap wpex-social-btns vcex-social-btns wpex-items-center wpex-gap-5 wpex-last-mr-0 vcex_69e51d3347daa\"><a href=\"#\" class=\"vcex-social-links__item wpex-social-btn wpex-social-btn-no-style wpex-facebook\"><span class=\"vcex-social-links__icon wpex-icon\" aria-hidden=\"true\"><svg xmlns=\"http:\/\/www.w3.org\/2000\/svg\" viewBox=\"0 0 512 512\"><path d=\"M512 256C512 114.6 397.4 0 256 0S0 114.6 0 256C0 376 82.7 476.8 194.2 504.5V334.2H141.4V256h52.8V222.3c0-87.1 39.4-127.5 125-127.5c16.2 0 44.2 3.2 55.7 6.4V172c-6-.6-16.5-1-29.6-1c-42 0-58.2 15.9-58.2 57.2V256h83.6l-14.4 78.2H287V510.1C413.8 494.8 512 386.9 512 256h0z\"\/><\/svg><\/span><span class=\"screen-reader-text\">Facebook<\/span><\/a><a href=\"#\" class=\"vcex-social-links__item wpex-social-btn wpex-social-btn-no-style wpex-instagram\"><span class=\"vcex-social-links__icon wpex-icon\" aria-hidden=\"true\"><svg xmlns=\"http:\/\/www.w3.org\/2000\/svg\" viewBox=\"0 0 448 512\"><path d=\"M224.1 141c-63.6 0-114.9 51.3-114.9 114.9s51.3 114.9 114.9 114.9S339 319.5 339 255.9 287.7 141 224.1 141zm0 189.6c-41.1 0-74.7-33.5-74.7-74.7s33.5-74.7 74.7-74.7 74.7 33.5 74.7 74.7-33.6 74.7-74.7 74.7zm146.4-194.3c0 14.9-12 26.8-26.8 26.8-14.9 0-26.8-12-26.8-26.8s12-26.8 26.8-26.8 26.8 12 26.8 26.8zm76.1 27.2c-1.7-35.9-9.9-67.7-36.2-93.9-26.2-26.2-58-34.4-93.9-36.2-37-2.1-147.9-2.1-184.9 0-35.8 1.7-67.6 9.9-93.9 36.1s-34.4 58-36.2 93.9c-2.1 37-2.1 147.9 0 184.9 1.7 35.9 9.9 67.7 36.2 93.9s58 34.4 93.9 36.2c37 2.1 147.9 2.1 184.9 0 35.9-1.7 67.7-9.9 93.9-36.2 26.2-26.2 34.4-58 36.2-93.9 2.1-37 2.1-147.8 0-184.8zM398.8 388c-7.8 19.6-22.9 34.7-42.6 42.6-29.5 11.7-99.5 9-132.1 9s-102.7 2.6-132.1-9c-19.6-7.8-34.7-22.9-42.6-42.6-11.7-29.5-9-99.5-9-132.1s-2.6-102.7 9-132.1c7.8-19.6 22.9-34.7 42.6-42.6 29.5-11.7 99.5-9 132.1-9s102.7-2.6 132.1 9c19.6 7.8 34.7 22.9 42.6 42.6 11.7 29.5 9 99.5 9 132.1s2.7 102.7-9 132.1z\"\/><\/svg><\/span><span class=\"screen-reader-text\">Instagram<\/span><\/a><a href=\"#\" class=\"vcex-social-links__item wpex-social-btn wpex-social-btn-no-style wpex-youtube\"><span class=\"vcex-social-links__icon wpex-icon\" aria-hidden=\"true\"><svg xmlns=\"http:\/\/www.w3.org\/2000\/svg\" viewBox=\"0 0 576 512\"><path d=\"M549.7 124.1c-6.3-23.7-24.8-42.3-48.3-48.6C458.8 64 288 64 288 64S117.2 64 74.6 75.5c-23.5 6.3-42 24.9-48.3 48.6-11.4 42.9-11.4 132.3-11.4 132.3s0 89.4 11.4 132.3c6.3 23.7 24.8 41.5 48.3 47.8C117.2 448 288 448 288 448s170.8 0 213.4-11.5c23.5-6.3 42-24.2 48.3-47.8 11.4-42.9 11.4-132.3 11.4-132.3s0-89.4-11.4-132.3zm-317.5 213.5V175.2l142.7 81.2-142.7 81.2z\"\/><\/svg><\/span><span class=\"screen-reader-text\">YouTube<\/span><\/a><\/div>[vc_empty_space height=&#8221;50px&#8221;][\/vc_column][vc_column typography_style=&#8221;white&#8221; width=&#8221;1\/2&#8243; wpex_fixed_bg=&#8221;fixed&#8221; css=&#8221;.vc_custom_1699006887891{padding-left: 50px !important;background-color: #3255bf !important;}&#8221;][vc_empty_space height=&#8221;50px&#8221;][vc_column_text]<span style=\"font-size: 21px;\">Avem at\u00e2t de multe lucruri interesante \u00een desf\u0103\u0219urare,<\/span><br \/>\n<span style=\"font-size: 21px;\">fii primul care afl\u0103!<\/span>[\/vc_column_text][vc_empty_space height=&#8221;15px&#8221;]<style>.vcex-newsletter-form.vcex_69e51d334841b .vcex-newsletter-form-wrap{width:450px;}.vcex-newsletter-form.vcex_69e51d334841b input{background:#9267bc;color:#ffffff;}.vcex-newsletter-form.vcex_69e51d334841b .vcex-newsletter-form-button{background:#ffffff;color:#9267bc;}.vcex-newsletter-form.vcex_69e51d334841b .vcex-newsletter-form-button:hover{background:#000000;color:#ffffff;}<\/style><div class=\"vcex-newsletter-form vcex-module wpex-flex wpex-max-w-100 wpex-justify-start vcex_69e51d334841b\"><div class=\"vcex-newsletter-form-wrap\"><form action=\"\" method=\"post\" class=\"wpex-flex\"><label class=\"vcex-newsletter-form-label wpex-text-current wpex-flex-grow\"><span class=\"screen-reader-text\">Introduce\u021bi e-mailul dvs. aici*<\/span><input class=\"vcex-newsletter-form-input\" type=\"email\" name=\"EMAIL\" placeholder=\"Introduce\u021bi e-mailul dvs. aici*\" autocomplete=\"off\" required><\/label><button type=\"submit\" value=\"\" class=\"vcex-newsletter-form-button wpex-flex-shrink-0 theme-button\">Trimite\u021bi<\/button><\/form><\/div><\/div>[vc_empty_space][vc_column_text]<span class=\"wixui-rich-text__text\"><span class=\"color_36 wixui-rich-text__text\">\u00a9 2023<\/span><\/span>[\/vc_column_text][vc_empty_space height=&#8221;50px&#8221;][\/vc_column][vc_column typography_style=&#8221;white&#8221; width=&#8221;1\/4&#8243; css=&#8221;.vc_custom_1699006904049{padding-left: 100px !important;background-color: #3255bf !important;}&#8221;][vc_empty_space height=&#8221;50px&#8221;][vc_column_text]<span style=\"font-size: 18px;\">Programe<\/span><br \/>\n<span style=\"font-size: 18px;\">Despre<\/span><br \/>\n<span style=\"font-size: 18px;\">Evenimente<\/span><br \/>\n<span style=\"font-size: 18px;\">Ajunge\u021bi afar\u0103<\/span>[\/vc_column_text][vc_empty_space height=&#8221;50px&#8221;][vc_btn title=&#8221;Deveni\u021bi un sponsor&#8221; style=&#8221;classic&#8221; shape=&#8221;square&#8221; color=&#8221;black&#8221; align=&#8221;left&#8221;][\/vc_column][\/vc_row]\n<\/div>","protected":false},"excerpt":{"rendered":"<p>[vc_row full_width=&#8221;stretch_row&#8221; css=&#8221;.vc_custom_1699451096974{padding-right: 20px !important;padding-left: 20px !important;}&#8221;][vc_column][vc_empty_space][vc_column_text]Activit\u0103\u021bile noastre Activit\u0103\u021bile proiectului vizeaz\u0103 \u00eembun\u0103t\u0103\u021birea cuno\u0219tin\u021belor \u0219i a competen\u021belor profesionale. \u00een r\u00e2ndul exper\u021bilor \u00een dans din Grecia. Pentru a realiza acest obiectiv, partenerii de proiect vor planifica \u0219i s\u0103 desf\u0103\u0219oare activit\u0103\u021bi comune de dans \u00een Atena, promov\u00e2nd competen\u021bele fizice, cresc\u00e2nd creativitatea \u0219i pl\u0103cerea persoanelor cu \u0219i f\u0103r\u0103 autism,&hellip;<\/p>\n","protected":false},"author":1,"featured_media":0,"parent":0,"menu_order":0,"comment_status":"closed","ping_status":"closed","template":"","meta":{"footnotes":""},"class_list":["post-685","page","type-page","status-publish","hentry","entry","no-media"],"jetpack_sharing_enabled":true,"_links":{"self":[{"href":"https:\/\/indanceautism.eu\/ro\/wp-json\/wp\/v2\/pages\/685","targetHints":{"allow":["GET"]}}],"collection":[{"href":"https:\/\/indanceautism.eu\/ro\/wp-json\/wp\/v2\/pages"}],"about":[{"href":"https:\/\/indanceautism.eu\/ro\/wp-json\/wp\/v2\/types\/page"}],"author":[{"embeddable":true,"href":"https:\/\/indanceautism.eu\/ro\/wp-json\/wp\/v2\/users\/1"}],"replies":[{"embeddable":true,"href":"https:\/\/indanceautism.eu\/ro\/wp-json\/wp\/v2\/comments?post=685"}],"version-history":[{"count":23,"href":"https:\/\/indanceautism.eu\/ro\/wp-json\/wp\/v2\/pages\/685\/revisions"}],"predecessor-version":[{"id":828,"href":"https:\/\/indanceautism.eu\/ro\/wp-json\/wp\/v2\/pages\/685\/revisions\/828"}],"wp:attachment":[{"href":"https:\/\/indanceautism.eu\/ro\/wp-json\/wp\/v2\/media?parent=685"}],"curies":[{"name":"wp","href":"https:\/\/api.w.org\/{rel}","templated":true}]}}